{"id":30,"date":"2014-11-12T02:43:26","date_gmt":"2014-11-12T01:43:26","guid":{"rendered":"http:\/\/www.linkspieltsdir.de\/improvisationstheater\/?page_id=30"},"modified":"2015-02-04T14:46:08","modified_gmt":"2015-02-04T13:46:08","slug":"das-impromobil","status":"publish","type":"page","link":"http:\/\/www.linkspieltsdir.de\/improvisationstheater\/das-impromobil\/","title":{"rendered":"Das Impromobil"},"content":{"rendered":"<h2>IMPROMOBIL<\/h2>\n<p><a href=\"http:\/\/www.linkspieltsdir.de\/improvisationstheater\/wp-content\/uploads\/2014\/11\/Improvistationstheater-Link-Wer-Impromobil.jpg\"><img loading=\"lazy\" decoding=\"async\" src=\"http:\/\/www.linkspieltsdir.de\/improvisationstheater\/wp-content\/uploads\/2014\/11\/Improvistationstheater-Link-Wer-Impromobil.jpg\" alt=\"Improvistationstheater Link - Wer-Impromobil\" title=\"Improvistationstheater Link - Wer-Impromobil\" width=\"720\" height=\"480\" class=\"alignleft size-full wp-image-434\" srcset=\"http:\/\/www.linkspieltsdir.de\/improvisationstheater\/wp-content\/uploads\/2014\/11\/Improvistationstheater-Link-Wer-Impromobil.jpg 720w, http:\/\/www.linkspieltsdir.de\/improvisationstheater\/wp-content\/uploads\/2014\/11\/Improvistationstheater-Link-Wer-Impromobil-300x200.jpg 300w, http:\/\/www.linkspieltsdir.de\/improvisationstheater\/wp-content\/uploads\/2014\/11\/Improvistationstheater-Link-Wer-Impromobil-624x416.jpg 624w\" sizes=\"auto, (max-width: 720px) 100vw, 720px\" \/><\/a><\/p>\n<p align=\"left\">Kennen Sie schon das Impromobil von LINK! ?<\/p>\n<p align=\"left\">Es bringt die bunte Vielfalt des Improvisationstheaters zu Ihnen nach Hause,<br \/>\nin Ihre Firma, auf Ihre Feier \u2013 wohin Sie m\u00f6chten!<\/p>\n<p align=\"left\">Sie bestimmen den Anlass, das gewisse Extra bringt das Impromobil.<\/p>\n<p align=\"left\">Und dieses wird nach Ihren W\u00fcnschen vollgepackt:<\/p>\n<p align=\"left\">Wieviele LINKs h\u00e4tten Sie gerne?<\/p>\n<p align=\"left\">Darf es ein wenig Musik sein?<\/p>\n<p align=\"left\">Haben Sie ein gewisses Motto f\u00fcr Ihre Veranstaltung?<\/p>\n<p align=\"left\">Diese und weitere Fragen kl\u00e4ren Sie einfach mit uns pers\u00f6nlich.<\/p>\n<p align=\"left\">Damit das Impromobil auch bald bei Ihnen vorbeikommt\u2026<\/p>\n<p align=\"left\">Kontakt: <span class=\"Stil4\"><a href=\"mailto:impromobil@linkspieltsdir.de\">impromobil@linkspieltsdir.de <\/a><\/span><\/p>\n","protected":false},"excerpt":{"rendered":"<p>IMPROMOBIL Kennen Sie schon das Impromobil von LINK! ? Es bringt die bunte Vielfalt des Improvisationstheaters zu Ihnen nach Hause, in Ihre Firma, auf Ihre Feier \u2013 wohin Sie m\u00f6chten! Sie bestimmen den Anlass, das gewisse Extra bringt das Impromobil. Und dieses wird nach Ihren W\u00fcnschen vollgepackt: Wieviele LINKs h\u00e4tten Sie gerne? Darf es ein [&hellip;]<\/p>\n","protected":false},"author":1,"featured_media":0,"parent":0,"menu_order":0,"comment_status":"closed","ping_status":"closed","template":"","meta":{"_mc_calendar":[],"footnotes":""},"class_list":["post-30","page","type-page","status-publish","hentry"],"_links":{"self":[{"href":"http:\/\/www.linkspieltsdir.de\/improvisationstheater\/wp-json\/wp\/v2\/pages\/30","targetHints":{"allow":["GET"]}}],"collection":[{"href":"http:\/\/www.linkspieltsdir.de\/improvisationstheater\/wp-json\/wp\/v2\/pages"}],"about":[{"href":"http:\/\/www.linkspieltsdir.de\/improvisationstheater\/wp-json\/wp\/v2\/types\/page"}],"author":[{"embeddable":true,"href":"http:\/\/www.linkspieltsdir.de\/improvisationstheater\/wp-json\/wp\/v2\/users\/1"}],"replies":[{"embeddable":true,"href":"http:\/\/www.linkspieltsdir.de\/improvisationstheater\/wp-json\/wp\/v2\/comments?post=30"}],"version-history":[{"count":5,"href":"http:\/\/www.linkspieltsdir.de\/improvisationstheater\/wp-json\/wp\/v2\/pages\/30\/revisions"}],"predecessor-version":[{"id":435,"href":"http:\/\/www.linkspieltsdir.de\/improvisationstheater\/wp-json\/wp\/v2\/pages\/30\/revisions\/435"}],"wp:attachment":[{"href":"http:\/\/www.linkspieltsdir.de\/improvisationstheater\/wp-json\/wp\/v2\/media?parent=30"}],"curies":[{"name":"wp","href":"https:\/\/api.w.org\/{rel}","templated":true}]}}