{"id":36,"date":"2014-11-12T02:45:36","date_gmt":"2014-11-12T01:45:36","guid":{"rendered":"http:\/\/www.linkspieltsdir.de\/improvisationstheater\/?page_id=36"},"modified":"2023-02-09T14:41:26","modified_gmt":"2023-02-09T13:41:26","slug":"verlinkt","status":"publish","type":"page","link":"http:\/\/www.linkspieltsdir.de\/improvisationstheater\/verlinkt\/","title":{"rendered":"Verlinkt"},"content":{"rendered":"<h2>VERLINKT<\/h2>\n<p align=\"left\"><strong>Improfreunde<br \/>\n<\/strong><a href=\"http:\/\/www.clamotta.de\" target=\"_blank\" rel=\"noopener\">Clamotta <\/a><br \/>\n<a href=\"http:\/\/www.emscherblut.de\" target=\"_blank\" rel=\"noopener\">Emscherblut<\/a><br \/>\n<a href=\"http:\/\/www.fliegenderwechsel.de\" target=\"_blank\" rel=\"noopener\">Fliegender Wechsel aus Aachen<\/a><br \/>\n<a href=\"http:\/\/www.taubenhaucher-impro.de\" target=\"_blank\" rel=\"noopener\">Taubenhaucher aus K\u00f6ln<\/a><br \/>\n<a href=\"http:\/\/delikatessen4u.com\">Delikatessen aus Essen<\/a><br \/>\n<a href=\"https:\/\/www.schwammdrueber-unna.de\/\">Schwammdrueber aus Unna<\/a><br \/>\n<a href=\"http:\/\/phoenixallee.de\/\" target=\"_blank\" rel=\"noopener\">Ph\u00f6nixallee aus D\u00fcsseldorf<\/a><\/p>\n<p><a href=\"http:\/\/www.wattpolizei.de\" target=\"_blank\" rel=\"noopener\">Unser genialer Musiker Sebastian Fuhrmann<\/a><\/p>\n<p><a href=\"http:\/\/www.mark-britton.de\" target=\"_blank\" rel=\"noopener\">Mark Britton <\/a><br \/>\n<a href=\"http:\/\/www.johnhudson.de\" target=\"_blank\" rel=\"noopener\">John Hudson <\/a><\/p>\n<p><strong>aktuelle Auftrittsorte von Link:<br \/>\n<\/strong><a href=\"https:\/\/zuhause-aachen.de\/zuhause\" target=\"_blank\" rel=\"noopener\">Cafe &amp; Bar zuhause<\/a><\/p>\n<p><strong>Auftrittstermine\/Infos bundesweit<br \/>\n<\/strong><a href=\"http:\/\/www.gromolo.de\" target=\"_blank\" rel=\"noopener\">www.gromolo.de<\/a><br \/>\n<a href=\"http:\/\/www.impro-theater.de\" target=\"_blank\" rel=\"noopener\">www.impro-theater.de<\/a><\/p>\n<p><strong>Fotos<br \/>\n<\/strong> <a href=\"http:\/\/www.fotofengler.de\" target=\"_blank\" rel=\"noopener\">Stephan Fengler <\/a><\/p>\n<p><strong>Presseinfos zum Download:<\/strong><br \/>\n<a href=\"http:\/\/www.linkspieltsdir.de\/improvisationstheater\/wp-content\/uploads\/2014\/11\/Pressetext-LINK-2015.pdf\" target=\"_blank\" rel=\"noopener\">Pressetext LINK!<\/a><\/p>\n","protected":false},"excerpt":{"rendered":"<p>VERLINKT Improfreunde Clamotta Emscherblut Fliegender Wechsel aus Aachen Taubenhaucher aus K\u00f6ln Delikatessen aus Essen Schwammdrueber aus Unna Ph\u00f6nixallee aus D\u00fcsseldorf Unser genialer Musiker Sebastian Fuhrmann Mark Britton John Hudson aktuelle Auftrittsorte von Link: Cafe &amp; Bar zuhause Auftrittstermine\/Infos bundesweit www.gromolo.de www.impro-theater.de Fotos Stephan Fengler Presseinfos zum Download: Pressetext LINK!<\/p>\n","protected":false},"author":1,"featured_media":0,"parent":0,"menu_order":0,"comment_status":"closed","ping_status":"closed","template":"","meta":{"_mc_calendar":[],"footnotes":""},"class_list":["post-36","page","type-page","status-publish","hentry"],"_links":{"self":[{"href":"http:\/\/www.linkspieltsdir.de\/improvisationstheater\/wp-json\/wp\/v2\/pages\/36","targetHints":{"allow":["GET"]}}],"collection":[{"href":"http:\/\/www.linkspieltsdir.de\/improvisationstheater\/wp-json\/wp\/v2\/pages"}],"about":[{"href":"http:\/\/www.linkspieltsdir.de\/improvisationstheater\/wp-json\/wp\/v2\/types\/page"}],"author":[{"embeddable":true,"href":"http:\/\/www.linkspieltsdir.de\/improvisationstheater\/wp-json\/wp\/v2\/users\/1"}],"replies":[{"embeddable":true,"href":"http:\/\/www.linkspieltsdir.de\/improvisationstheater\/wp-json\/wp\/v2\/comments?post=36"}],"version-history":[{"count":18,"href":"http:\/\/www.linkspieltsdir.de\/improvisationstheater\/wp-json\/wp\/v2\/pages\/36\/revisions"}],"predecessor-version":[{"id":10530,"href":"http:\/\/www.linkspieltsdir.de\/improvisationstheater\/wp-json\/wp\/v2\/pages\/36\/revisions\/10530"}],"wp:attachment":[{"href":"http:\/\/www.linkspieltsdir.de\/improvisationstheater\/wp-json\/wp\/v2\/media?parent=36"}],"curies":[{"name":"wp","href":"https:\/\/api.w.org\/{rel}","templated":true}]}}